{"id":83,"date":"2020-10-27T08:44:42","date_gmt":"2020-10-27T07:44:42","guid":{"rendered":"https:\/\/best4health.de\/?page_id=83"},"modified":"2022-03-27T14:18:20","modified_gmt":"2022-03-27T12:18:20","slug":"ueber-uns","status":"publish","type":"page","link":"https:\/\/best4health.de\/en\/ueber-uns\/","title":{"rendered":"About us"},"content":{"rendered":"<div data-elementor-type=\"wp-page\" data-elementor-id=\"83\" class=\"elementor elementor-83\">\n\t\t\t\t\t\t<header class=\"elementor-section elementor-top-section elementor-element elementor-element-7c39181f elementor-section-height-min-height elementor-section-boxed elementor-section-height-default elementor-section-items-middle\" data-id=\"7c39181f\" data-element_type=\"section\" data-e-type=\"section\" data-settings=\"{&quot;background_background&quot;:&quot;classic&quot;}\">\n\t\t\t\t\t\t<div class=\"elementor-container elementor-column-gap-default\">\n\t\t\t\t\t<div class=\"elementor-column elementor-col-100 elementor-top-column elementor-element elementor-element-3a51588\" data-id=\"3a51588\" data-element_type=\"column\" data-e-type=\"column\">\n\t\t\t<div class=\"elementor-widget-wrap elementor-element-populated\">\n\t\t\t\t\t\t<div class=\"elementor-element elementor-element-2ff8ac13 elementor-invisible elementor-widget elementor-widget-heading\" data-id=\"2ff8ac13\" data-element_type=\"widget\" data-e-type=\"widget\" data-settings=\"{&quot;_animation&quot;:&quot;fadeInDown&quot;,&quot;_animation_delay&quot;:500}\" data-widget_type=\"heading.default\">\n\t\t\t\t<div class=\"elementor-widget-container\">\n\t\t\t\t\t<h1 class=\"elementor-heading-title elementor-size-default\">\u00dcber mich<\/h1>\t\t\t\t<\/div>\n\t\t\t\t<\/div>\n\t\t\t\t\t<\/div>\n\t\t<\/div>\n\t\t\t\t\t<\/div>\n\t\t<\/header>\n\t\t\t\t<section class=\"elementor-section elementor-top-section elementor-element elementor-element-8a120dc elementor-section-boxed elementor-section-height-default elementor-section-height-default\" data-id=\"8a120dc\" data-element_type=\"section\" data-e-type=\"section\">\n\t\t\t\t\t\t<div class=\"elementor-container elementor-column-gap-default\">\n\t\t\t\t\t<div class=\"elementor-column elementor-col-100 elementor-top-column elementor-element elementor-element-573c7d4\" data-id=\"573c7d4\" data-element_type=\"column\" data-e-type=\"column\">\n\t\t\t<div class=\"elementor-widget-wrap elementor-element-populated\">\n\t\t\t\t\t\t<div class=\"elementor-element elementor-element-f5e50a8 elementor-widget elementor-widget-image\" data-id=\"f5e50a8\" data-element_type=\"widget\" data-e-type=\"widget\" data-widget_type=\"image.default\">\n\t\t\t\t<div class=\"elementor-widget-container\">\n\t\t\t\t\t\t\t\t\t\t\t\t\t\t\t<img fetchpriority=\"high\" decoding=\"async\" width=\"768\" height=\"768\" src=\"https:\/\/best4health.de\/wp-content\/uploads\/2021\/01\/Orange-Suitcase-Photo-Passport-Invitation-768x768.jpg\" class=\"attachment-medium_large size-medium_large wp-image-5972\" alt=\"Thorsten Dargatz\" srcset=\"https:\/\/best4health.de\/wp-content\/uploads\/2021\/01\/Orange-Suitcase-Photo-Passport-Invitation-768x768.jpg 768w, https:\/\/best4health.de\/wp-content\/uploads\/2021\/01\/Orange-Suitcase-Photo-Passport-Invitation-300x300.jpg 300w, https:\/\/best4health.de\/wp-content\/uploads\/2021\/01\/Orange-Suitcase-Photo-Passport-Invitation-1024x1024.jpg 1024w, https:\/\/best4health.de\/wp-content\/uploads\/2021\/01\/Orange-Suitcase-Photo-Passport-Invitation-150x150.jpg 150w, https:\/\/best4health.de\/wp-content\/uploads\/2021\/01\/Orange-Suitcase-Photo-Passport-Invitation-1536x1536.jpg 1536w, https:\/\/best4health.de\/wp-content\/uploads\/2021\/01\/Orange-Suitcase-Photo-Passport-Invitation-12x12.jpg 12w, https:\/\/best4health.de\/wp-content\/uploads\/2021\/01\/Orange-Suitcase-Photo-Passport-Invitation.jpg 1654w\" sizes=\"(max-width: 768px) 100vw, 768px\" \/>\t\t\t\t\t\t\t\t\t\t\t\t\t\t\t<\/div>\n\t\t\t\t<\/div>\n\t\t\t\t\t<\/div>\n\t\t<\/div>\n\t\t\t\t\t<\/div>\n\t\t<\/section>\n\t\t\t\t<section class=\"elementor-section elementor-top-section elementor-element elementor-element-b676fb1 elementor-section-boxed elementor-section-height-default elementor-section-height-default elementor-invisible\" data-id=\"b676fb1\" data-element_type=\"section\" data-e-type=\"section\" data-settings=\"{&quot;animation&quot;:&quot;fadeInUp&quot;,&quot;animation_delay&quot;:400,&quot;background_background&quot;:&quot;classic&quot;}\">\n\t\t\t\t\t\t<div class=\"elementor-container elementor-column-gap-default\">\n\t\t\t\t\t<div class=\"elementor-column elementor-col-100 elementor-top-column elementor-element elementor-element-70b590a\" data-id=\"70b590a\" data-element_type=\"column\" data-e-type=\"column\" data-settings=\"{&quot;background_background&quot;:&quot;classic&quot;}\">\n\t\t\t<div class=\"elementor-widget-wrap elementor-element-populated\">\n\t\t\t\t\t\t<div class=\"elementor-element elementor-element-ff5f810 elementor-widget elementor-widget-text-editor\" data-id=\"ff5f810\" data-element_type=\"widget\" data-e-type=\"widget\" data-widget_type=\"text-editor.default\">\n\t\t\t\t<div class=\"elementor-widget-container\">\n\t\t\t\t\t\t\t\t\t<p>Mein Name ist Thorsten Dargatz, ich bin studierter Sportwissenschaftler (DSHS K\u00f6ln) und habe sowohl in der station\u00e4ren und ambulanten Rehabilitation gearbeitet. Ich war Konditionstrainer in der Handball und Fu\u00dfballbundesliga und an mehreren Studien zur Erforschung optimaler Trainingskonzepte beteiligt.\u00a0<\/p><p>Die meiste Zeit meines Berufslebens habe ich als Redakteur f\u00fcr die Themenbereiche Medizin, Fitness, Gesundheit und Ern\u00e4hrung gearbeitet. Zu meinen langj\u00e4hrigen Stationen geh\u00f6ren die Bild am Sonntag, die Welt am Sonntag und die Entwicklungsredaktion bei Huber Burda Media, wo ich als stellvertretender Chefredakteur f\u00fcr die Sonderpublikationen Gesundheit verantwortlich war.\u00a0<\/p><p>Seit einigen Jahren arbeite ich als Freelancer und lebe in Berlin.\u00a0<\/p>\t\t\t\t\t\t\t\t<\/div>\n\t\t\t\t<\/div>\n\t\t\t\t\t<\/div>\n\t\t<\/div>\n\t\t\t\t\t<\/div>\n\t\t<\/section>\n\t\t\t\t<\/div>","protected":false},"excerpt":{"rendered":"<p>\u00dcber mich Mein Name ist Thorsten Dargatz, ich bin studierter Sportwissenschaftler (DSHS K\u00f6ln) und habe sowohl in der station\u00e4ren und ambulanten Rehabilitation gearbeitet. Ich war Konditionstrainer in der Handball und Fu\u00dfballbundesliga und an mehreren Studien zur Erforschung optimaler Trainingskonzepte beteiligt.\u00a0 Die meiste Zeit meines Berufslebens habe ich als Redakteur f\u00fcr die Themenbereiche Medizin, Fitness, Gesundheit [&hellip;]<\/p>\n","protected":false},"author":1,"featured_media":0,"parent":0,"menu_order":0,"comment_status":"closed","ping_status":"closed","template":"","meta":{"ocean_post_layout":"full-screen","ocean_both_sidebars_style":"","ocean_both_sidebars_content_width":0,"ocean_both_sidebars_sidebars_width":0,"ocean_sidebar":"0","ocean_second_sidebar":"0","ocean_disable_margins":"enable","ocean_add_body_class":"","ocean_shortcode_before_top_bar":"","ocean_shortcode_after_top_bar":"","ocean_shortcode_before_header":"","ocean_shortcode_after_header":"","ocean_has_shortcode":"","ocean_shortcode_after_title":"","ocean_shortcode_before_footer_widgets":"","ocean_shortcode_after_footer_widgets":"","ocean_shortcode_before_footer_bottom":"","ocean_shortcode_after_footer_bottom":"","ocean_display_top_bar":"off","ocean_display_header":"default","ocean_header_style":"","ocean_center_header_left_menu":"0","ocean_custom_header_template":"0","ocean_custom_logo":0,"ocean_custom_retina_logo":0,"ocean_custom_logo_max_width":0,"ocean_custom_logo_tablet_max_width":0,"ocean_custom_logo_mobile_max_width":0,"ocean_custom_logo_max_height":0,"ocean_custom_logo_tablet_max_height":0,"ocean_custom_logo_mobile_max_height":0,"ocean_header_custom_menu":"0","ocean_menu_typo_font_family":"0","ocean_menu_typo_font_subset":"","ocean_menu_typo_font_size":0,"ocean_menu_typo_font_size_tablet":0,"ocean_menu_typo_font_size_mobile":0,"ocean_menu_typo_font_size_unit":"px","ocean_menu_typo_font_weight":"","ocean_menu_typo_font_weight_tablet":"","ocean_menu_typo_font_weight_mobile":"","ocean_menu_typo_transform":"","ocean_menu_typo_transform_tablet":"","ocean_menu_typo_transform_mobile":"","ocean_menu_typo_line_height":0,"ocean_menu_typo_line_height_tablet":0,"ocean_menu_typo_line_height_mobile":0,"ocean_menu_typo_line_height_unit":"","ocean_menu_typo_spacing":0,"ocean_menu_typo_spacing_tablet":0,"ocean_menu_typo_spacing_mobile":0,"ocean_menu_typo_spacing_unit":"","ocean_menu_link_color":"","ocean_menu_link_color_hover":"","ocean_menu_link_color_active":"","ocean_menu_link_background":"","ocean_menu_link_hover_background":"","ocean_menu_link_active_background":"","ocean_menu_social_links_bg":"","ocean_menu_social_hover_links_bg":"","ocean_menu_social_links_color":"","ocean_menu_social_hover_links_color":"","ocean_disable_title":"on","ocean_disable_heading":"default","ocean_post_title":"","ocean_post_subheading":"","ocean_post_title_style":"","ocean_post_title_background_color":"","ocean_post_title_background":0,"ocean_post_title_bg_image_position":"","ocean_post_title_bg_image_attachment":"","ocean_post_title_bg_image_repeat":"","ocean_post_title_bg_image_size":"","ocean_post_title_height":0,"ocean_post_title_bg_overlay":0.5,"ocean_post_title_bg_overlay_color":"","ocean_disable_breadcrumbs":"default","ocean_breadcrumbs_color":"","ocean_breadcrumbs_separator_color":"","ocean_breadcrumbs_links_color":"","ocean_breadcrumbs_links_hover_color":"","ocean_display_footer_widgets":"off","ocean_display_footer_bottom":"off","ocean_custom_footer_template":"0","footnotes":""},"class_list":["post-83","page","type-page","status-publish","hentry","entry"],"_links":{"self":[{"href":"https:\/\/best4health.de\/en\/wp-json\/wp\/v2\/pages\/83"}],"collection":[{"href":"https:\/\/best4health.de\/en\/wp-json\/wp\/v2\/pages"}],"about":[{"href":"https:\/\/best4health.de\/en\/wp-json\/wp\/v2\/types\/page"}],"author":[{"embeddable":true,"href":"https:\/\/best4health.de\/en\/wp-json\/wp\/v2\/users\/1"}],"replies":[{"embeddable":true,"href":"https:\/\/best4health.de\/en\/wp-json\/wp\/v2\/comments?post=83"}],"version-history":[{"count":10,"href":"https:\/\/best4health.de\/en\/wp-json\/wp\/v2\/pages\/83\/revisions"}],"predecessor-version":[{"id":42681,"href":"https:\/\/best4health.de\/en\/wp-json\/wp\/v2\/pages\/83\/revisions\/42681"}],"wp:attachment":[{"href":"https:\/\/best4health.de\/en\/wp-json\/wp\/v2\/media?parent=83"}],"curies":[{"name":"wp","href":"https:\/\/api.w.org\/{rel}","templated":true}]}}